{"id":3130,"date":"2023-06-05T20:49:50","date_gmt":"2023-06-05T20:49:50","guid":{"rendered":"https:\/\/new.terrachula.cz\/domains\/new.terrachula.cz\/blog\/"},"modified":"2023-08-16T12:22:17","modified_gmt":"2023-08-16T12:22:17","slug":"blog","status":"publish","type":"page","link":"https:\/\/www.terrachula.cz\/en\/blog\/","title":{"rendered":"Blog"},"content":{"rendered":"\t\t<div data-elementor-type=\"wp-page\" data-elementor-id=\"3130\" class=\"elementor elementor-3130 elementor-49\" data-elementor-post-type=\"page\">\n\t\t\t\t<div class=\"elementor-element elementor-element-1646ed9 e-flex e-con-boxed e-con e-parent\" data-id=\"1646ed9\" data-element_type=\"container\" data-e-type=\"container\" data-settings=\"{&quot;background_background&quot;:&quot;classic&quot;}\">\n\t\t\t\t\t<div class=\"e-con-inner\">\n\t\t\t\t<div class=\"elementor-element elementor-element-dec8016 elementor-position-inline-start elementor-view-default elementor-mobile-position-block-start elementor-widget elementor-widget-icon-box\" data-id=\"dec8016\" data-element_type=\"widget\" data-e-type=\"widget\" data-widget_type=\"icon-box.default\">\n\t\t\t\t<div class=\"elementor-widget-container\">\n\t\t\t\t\t\t\t<div class=\"elementor-icon-box-wrapper\">\n\n\t\t\t\t\t\t<div class=\"elementor-icon-box-icon\">\n\t\t\t\t<span  class=\"elementor-icon\">\n\t\t\t\t<svg xmlns=\"http:\/\/www.w3.org\/2000\/svg\" width=\"58.942\" height=\"60.743\" viewBox=\"0 0 58.942 60.743\"><path id=\"Path_17\" data-name=\"Path 17\" d=\"M45.64,33.326a7.776,7.776,0,0,1-.976-1.161,11.585,11.585,0,0,0-2.12-2.591,3.954,3.954,0,0,0-3.062-1.161c-1.817.05-6.04,1.3-6.932,1.279-.892,0-4.172-15.882-8.463-19.567a103.109,103.109,0,0,1-9.135-9.4s-1.767-2.1-1.481.892c.017.2.05.4.084.606-.32-.252-1.9-1.413-1.228,1.178a.152.152,0,0,0,.017.084c-.69-.37-1.565-.471-.959,1.9a3.323,3.323,0,0,0,.135.437c-.673-.336-1.464-.336-.875,1.952A8.631,8.631,0,0,0,11.1,9.083c-.673-.135-1.279.118-.37,2.1a9.7,9.7,0,0,0,1.077,1.767c-.757-.084-1.514.151-.185,2.12a8.317,8.317,0,0,0,1.363,1.581c-.69-.034-1.245.32-.017,2.137a2.05,2.05,0,0,1,.4,1.481s-6.326-4.156-8.16-6.023S1.83,11.388.4,11.472c-.538.118-.791.572,1.043,2.036a.352.352,0,0,0,.1.067c-.858.067-1.615.522,1.043,2.658.168.135.336.252.5.387-.808.084-1.43.589,1.127,2.641a15.28,15.28,0,0,0,1.548,1.094c-.639.286-.959.925.942,2.372A10.824,10.824,0,0,0,9.35,24.342c-.808.084-1.43.589,1.127,2.641a15.28,15.28,0,0,0,1.548,1.094c-.639.286-.858.959,1.666,2.473a16.1,16.1,0,0,0,2.439,1.178c-.656.387-1.009,1.144,1.817,2.389a12.066,12.066,0,0,0,1.346.5,5.586,5.586,0,0,1,.993.4.083.083,0,0,1,.05.017.635.635,0,0,1,.236,1.127,12.7,12.7,0,0,0-3.112,10.179C18.637,55,16.8,59.135,16.972,59.925a.559.559,0,0,0,.286.488c.336.151.993-.723,1.363-1.279-.034.4-.067,1.413.555,1.6.639.2,1.649-1.884,2-2.641.034.522.236,1.884,1.11,2,.622.084,1.228-1.363,1.615-2.608.3.488.757.976,1.312.875.622-.118.757-1.649.757-2.944a.77.77,0,0,0,.74.2c.488-.168.3-1.581.135-2.524a.929.929,0,0,0,1.211.286c.622-.5-.118-3.415-1.211-5.485a9.9,9.9,0,0,0-2.271-2.843s4.576-.2,7.571-1.9,4.021-5.973,6.9-6.04a15.064,15.064,0,0,0,5.922-1.565l13.981,5.047c-.1-.168-10.414-5.737-13.308-7.285Z\" transform=\"translate(-0.006 -0.004)\" fill=\"#fff\"><\/path><\/svg>\t\t\t\t<\/span>\n\t\t\t<\/div>\n\t\t\t\n\t\t\t\t\t\t<div class=\"elementor-icon-box-content\">\n\n\t\t\t\t\n\t\t\t\t\t\t\t\t\t<p class=\"elementor-icon-box-description\">\n\t\t\t\t\t\tWe bring you interesting facts  <br>\nand news from the island of Roat\u00e1n.\t\t\t\t\t<\/p>\n\t\t\t\t\n\t\t\t<\/div>\n\t\t\t\n\t\t<\/div>\n\t\t\t\t\t\t<\/div>\n\t\t\t\t<\/div>\n\t\t\t\t<div class=\"elementor-element elementor-element-212d623 elementor-widget elementor-widget-button\" data-id=\"212d623\" data-element_type=\"widget\" data-e-type=\"widget\" data-widget_type=\"button.default\">\n\t\t\t\t<div class=\"elementor-widget-container\">\n\t\t\t\t\t\t\t\t\t<div class=\"elementor-button-wrapper\">\n\t\t\t\t\t<a class=\"elementor-button elementor-button-link elementor-size-sm\" href=\"https:\/\/www.terrachula.cz\/en\/newsletter\/\">\n\t\t\t\t\t\t<span class=\"elementor-button-content-wrapper\">\n\t\t\t\t\t\t\t\t\t<span class=\"elementor-button-text\">News subscription<\/span>\n\t\t\t\t\t<\/span>\n\t\t\t\t\t<\/a>\n\t\t\t\t<\/div>\n\t\t\t\t\t\t\t\t<\/div>\n\t\t\t\t<\/div>\n\t\t\t\t\t<\/div>\n\t\t\t\t<\/div>\n\t\t<div class=\"elementor-element elementor-element-9aa110e e-flex e-con-boxed e-con e-parent\" data-id=\"9aa110e\" data-element_type=\"container\" data-e-type=\"container\">\n\t\t\t\t\t<div class=\"e-con-inner\">\n\t\t\t\t<div class=\"elementor-element elementor-element-8c966b6 uael-post__filter-align-center uael-posts-thumbnail-ratio elementor-widget elementor-widget-uael-posts\" data-id=\"8c966b6\" data-element_type=\"widget\" data-e-type=\"widget\" data-settings=\"{&quot;classic_show_filters&quot;:&quot;yes&quot;,&quot;classic_slides_to_show&quot;:3,&quot;classic_slides_to_show_tablet&quot;:2,&quot;classic_slides_to_show_mobile&quot;:1}\" data-widget_type=\"uael-posts.classic\">\n\t\t\t\t<div class=\"elementor-widget-container\">\n\t\t\t\t\t\t\t<div class=\"uael-post__header\">\n\t\t\t\t\t<div class=\"uael-post__header-filters-wrap\">\n\t\t\t<ul class=\"uael-post__header-filters\" aria-label=\"Taxonomy Filter\">\n\t\t\t\t<li class=\"uael-post__header-filter uael-filter__current\" data-filter=\"*\">All<\/li>\n\t\t\t\t\t\t\t\t<li class=\"uael-post__header-filter\" data-filter=\".blog\" tabindex=\"0\">Blog<\/li>\n\t\t\t\t\t\t\t\t<li class=\"uael-post__header-filter\" data-filter=\".podcast\" tabindex=\"0\">Podcast<\/li>\n\t\t\t\t\t\t\t<\/ul>\n\n\t\t\t\t\t<\/div>\n\t\t\t\t<\/div>\n\t\t<div class=\"uael-post__body\">\n\t\t\t\n\t\t\n\t\t<div class=\"uael-blog-terms-position-above_content uael-post-image-top uael-post-grid uael-posts\" data-query-type=\"custom\" data-structure=\"normal\" data-layout=\"\" data-page=\"3130\" data-skin=\"classic\" data-filter-default=\"All\" data-offset-top=\"30\" >\n\n\t\t\t\t\t\t\t<div class=\"uael-post-grid__inner uael-post__columns-3 uael-post__columns-tablet-2 uael-post__columns-mobile-1 uael-post-infinite-scroll uael-post-infinite__event-scroll\">\n\t\t\t\n<div class=\"uael-post-wrapper podcast  podcast \">\n\t<div class=\"uael-post__bg-wrap uael-bg-wrap-disabled \">\n\n\t\t\t\t\n\t\t<div class=\"uael-post__inner-wrap uael-inner-wrap-disabled\">\n\n\t\t\t\t<div class=\"uael-post__thumbnail\">\n\t\t\t\n\t\t\t<a href=\"https:\/\/www.terrachula.cz\/en\/house-in-the-caribbean-12\/\" target=\"_self\" title=\"House in the Caribbean Ep. 12 &#8211; Life on the island\"><img fetchpriority=\"high\" decoding=\"async\" width=\"1920\" height=\"1280\" src=\"https:\/\/www.terrachula.cz\/wp-content\/uploads\/2023\/07\/blog-dum-v-karibiku.jpg\" class=\"attachment-full size-full wp-image-3070\" alt=\"\" srcset=\"https:\/\/www.terrachula.cz\/wp-content\/uploads\/2023\/07\/blog-dum-v-karibiku.jpg 1920w, https:\/\/www.terrachula.cz\/wp-content\/uploads\/2023\/07\/blog-dum-v-karibiku-600x400.jpg 600w, https:\/\/www.terrachula.cz\/wp-content\/uploads\/2023\/07\/blog-dum-v-karibiku-300x200.jpg 300w, https:\/\/www.terrachula.cz\/wp-content\/uploads\/2023\/07\/blog-dum-v-karibiku-1024x683.jpg 1024w, https:\/\/www.terrachula.cz\/wp-content\/uploads\/2023\/07\/blog-dum-v-karibiku-768x512.jpg 768w, https:\/\/www.terrachula.cz\/wp-content\/uploads\/2023\/07\/blog-dum-v-karibiku-1536x1024.jpg 1536w\" sizes=\"(max-width: 1920px) 100vw, 1920px\" \/><\/a>\n\t\t\t\t\t<\/div>\n\t\t\n\t\t\t\n\t\t\t<div class=\"uael-post__content-wrap uael-content-wrap-disabled\">\n\t\t\t\t\t\t\t<div class=\"uael-post__terms-wrap\"><span class=\"uael-post__terms\"><span class=\"uael-listing__terms-link\">Podcast<\/span><\/span><\/div>\n\t\t\t\t\t\t<h3 class=\"uael-post__title\">\n\n\t\t\n\t\t\t\t\t\t<a href=\"https:\/\/www.terrachula.cz\/en\/house-in-the-caribbean-12\/\" target=\"_self\">\n\t\t\t\tHouse in the Caribbean Ep. 12 &#8211; Life on the island\t\t\t<\/a>\n\n\t\t\t\t<\/h3>\n\t\t\n\t\t<div class=\"uael-post__excerpt\">\n\t\t\tIn this episode, the main topic will be life on the island from the point of view of long-term stays.\t\t<\/div>\n\n\t\t\t\t\t<a class=\"uael-post__read-more elementor-button\" href=\"https:\/\/www.terrachula.cz\/en\/house-in-the-caribbean-12\/\" target=\"_self\" aria-labelledby=\"uael-post-4704\">\n\t\t\t\t\t<span class=\"elementor-button-content-wrapper\">\n\t\t\t\t\t\t\t\t\t\t\t\t\t\t<span class=\"elementor-button-icon elementor-align-icon-right\">\n\n\t\t\t\t\t\t\t\t\t\n\t\t\t\t\t\t\t\t<\/span>\n\t\t\t\t\t\t\t\t\t\t\t\t\t\n\t\t\t\t\t\t<span class=\"elementor-button-text\" id=uael-post-4704><span class=\"blog\">Read more<\/span><span class=\"podcast\">Play<\/span><\/span>\n\t\t\t\t\t<\/span>\n\t\t\t\t<\/a>\n\t\t\t\t\t\t<\/div>\n\t\t\t\n\t\t<\/div>\n\t\t\n\t<\/div>\n\n<\/div>\n\n<div class=\"uael-post-wrapper podcast  podcast \">\n\t<div class=\"uael-post__bg-wrap uael-bg-wrap-disabled \">\n\n\t\t\t\t\n\t\t<div class=\"uael-post__inner-wrap uael-inner-wrap-disabled\">\n\n\t\t\t\t<div class=\"uael-post__thumbnail\">\n\t\t\t\n\t\t\t<a href=\"https:\/\/www.terrachula.cz\/en\/house-in-the-caribbean-11\/\" target=\"_self\" title=\"House in the Caribbean Ep. 11 &#8211; The future of Terra Chula\"><img fetchpriority=\"high\" decoding=\"async\" width=\"1920\" height=\"1280\" src=\"https:\/\/www.terrachula.cz\/wp-content\/uploads\/2023\/07\/blog-dum-v-karibiku.jpg\" class=\"attachment-full size-full wp-image-3070\" alt=\"\" srcset=\"https:\/\/www.terrachula.cz\/wp-content\/uploads\/2023\/07\/blog-dum-v-karibiku.jpg 1920w, https:\/\/www.terrachula.cz\/wp-content\/uploads\/2023\/07\/blog-dum-v-karibiku-600x400.jpg 600w, https:\/\/www.terrachula.cz\/wp-content\/uploads\/2023\/07\/blog-dum-v-karibiku-300x200.jpg 300w, https:\/\/www.terrachula.cz\/wp-content\/uploads\/2023\/07\/blog-dum-v-karibiku-1024x683.jpg 1024w, https:\/\/www.terrachula.cz\/wp-content\/uploads\/2023\/07\/blog-dum-v-karibiku-768x512.jpg 768w, https:\/\/www.terrachula.cz\/wp-content\/uploads\/2023\/07\/blog-dum-v-karibiku-1536x1024.jpg 1536w\" sizes=\"(max-width: 1920px) 100vw, 1920px\" \/><\/a>\n\t\t\t\t\t<\/div>\n\t\t\n\t\t\t\n\t\t\t<div class=\"uael-post__content-wrap uael-content-wrap-disabled\">\n\t\t\t\t\t\t\t<div class=\"uael-post__terms-wrap\"><span class=\"uael-post__terms\"><span class=\"uael-listing__terms-link\">Podcast<\/span><\/span><\/div>\n\t\t\t\t\t\t<h3 class=\"uael-post__title\">\n\n\t\t\n\t\t\t\t\t\t<a href=\"https:\/\/www.terrachula.cz\/en\/house-in-the-caribbean-11\/\" target=\"_self\">\n\t\t\t\tHouse in the Caribbean Ep. 11 &#8211; The future of Terra Chula\t\t\t<\/a>\n\n\t\t\t\t<\/h3>\n\t\t\n\t\t<div class=\"uael-post__excerpt\">\n\t\t\tWith David and Jan\u010da we will discuss the near future and planned extensions of their project.\t\t<\/div>\n\n\t\t\t\t\t<a class=\"uael-post__read-more elementor-button\" href=\"https:\/\/www.terrachula.cz\/en\/house-in-the-caribbean-11\/\" target=\"_self\" aria-labelledby=\"uael-post-4700\">\n\t\t\t\t\t<span class=\"elementor-button-content-wrapper\">\n\t\t\t\t\t\t\t\t\t\t\t\t\t\t<span class=\"elementor-button-icon elementor-align-icon-right\">\n\n\t\t\t\t\t\t\t\t\t\n\t\t\t\t\t\t\t\t<\/span>\n\t\t\t\t\t\t\t\t\t\t\t\t\t\n\t\t\t\t\t\t<span class=\"elementor-button-text\" id=uael-post-4700><span class=\"blog\">Read more<\/span><span class=\"podcast\">Play<\/span><\/span>\n\t\t\t\t\t<\/span>\n\t\t\t\t<\/a>\n\t\t\t\t\t\t<\/div>\n\t\t\t\n\t\t<\/div>\n\t\t\n\t<\/div>\n\n<\/div>\n\n<div class=\"uael-post-wrapper podcast  podcast \">\n\t<div class=\"uael-post__bg-wrap uael-bg-wrap-disabled \">\n\n\t\t\t\t\n\t\t<div class=\"uael-post__inner-wrap uael-inner-wrap-disabled\">\n\n\t\t\t\t<div class=\"uael-post__thumbnail\">\n\t\t\t\n\t\t\t<a href=\"https:\/\/www.terrachula.cz\/en\/house-in-the-caribbean-10\/\" target=\"_self\" title=\"House in the Caribbean Ep. 10 &#8211; Residency\"><img fetchpriority=\"high\" decoding=\"async\" width=\"1920\" height=\"1280\" src=\"https:\/\/www.terrachula.cz\/wp-content\/uploads\/2023\/07\/blog-dum-v-karibiku.jpg\" class=\"attachment-full size-full wp-image-3070\" alt=\"\" srcset=\"https:\/\/www.terrachula.cz\/wp-content\/uploads\/2023\/07\/blog-dum-v-karibiku.jpg 1920w, https:\/\/www.terrachula.cz\/wp-content\/uploads\/2023\/07\/blog-dum-v-karibiku-600x400.jpg 600w, https:\/\/www.terrachula.cz\/wp-content\/uploads\/2023\/07\/blog-dum-v-karibiku-300x200.jpg 300w, https:\/\/www.terrachula.cz\/wp-content\/uploads\/2023\/07\/blog-dum-v-karibiku-1024x683.jpg 1024w, https:\/\/www.terrachula.cz\/wp-content\/uploads\/2023\/07\/blog-dum-v-karibiku-768x512.jpg 768w, https:\/\/www.terrachula.cz\/wp-content\/uploads\/2023\/07\/blog-dum-v-karibiku-1536x1024.jpg 1536w\" sizes=\"(max-width: 1920px) 100vw, 1920px\" \/><\/a>\n\t\t\t\t\t<\/div>\n\t\t\n\t\t\t\n\t\t\t<div class=\"uael-post__content-wrap uael-content-wrap-disabled\">\n\t\t\t\t\t\t\t<div class=\"uael-post__terms-wrap\"><span class=\"uael-post__terms\"><span class=\"uael-listing__terms-link\">Podcast<\/span><\/span><\/div>\n\t\t\t\t\t\t<h3 class=\"uael-post__title\">\n\n\t\t\n\t\t\t\t\t\t<a href=\"https:\/\/www.terrachula.cz\/en\/house-in-the-caribbean-10\/\" target=\"_self\">\n\t\t\t\tHouse in the Caribbean Ep. 10 &#8211; Residency\t\t\t<\/a>\n\n\t\t\t\t<\/h3>\n\t\t\n\t\t<div class=\"uael-post__excerpt\">\n\t\t\tAre you planning to spend a longer time in Roat\u00e1n? Do you want to live there permanently? We cover everything you need to know in ...\t\t<\/div>\n\n\t\t\t\t\t<a class=\"uael-post__read-more elementor-button\" href=\"https:\/\/www.terrachula.cz\/en\/house-in-the-caribbean-10\/\" target=\"_self\" aria-labelledby=\"uael-post-4696\">\n\t\t\t\t\t<span class=\"elementor-button-content-wrapper\">\n\t\t\t\t\t\t\t\t\t\t\t\t\t\t<span class=\"elementor-button-icon elementor-align-icon-right\">\n\n\t\t\t\t\t\t\t\t\t\n\t\t\t\t\t\t\t\t<\/span>\n\t\t\t\t\t\t\t\t\t\t\t\t\t\n\t\t\t\t\t\t<span class=\"elementor-button-text\" id=uael-post-4696><span class=\"blog\">Read more<\/span><span class=\"podcast\">Play<\/span><\/span>\n\t\t\t\t\t<\/span>\n\t\t\t\t<\/a>\n\t\t\t\t\t\t<\/div>\n\t\t\t\n\t\t<\/div>\n\t\t\n\t<\/div>\n\n<\/div>\n\n<div class=\"uael-post-wrapper podcast  podcast \">\n\t<div class=\"uael-post__bg-wrap uael-bg-wrap-disabled \">\n\n\t\t\t\t\n\t\t<div class=\"uael-post__inner-wrap uael-inner-wrap-disabled\">\n\n\t\t\t\t<div class=\"uael-post__thumbnail\">\n\t\t\t\n\t\t\t<a href=\"https:\/\/www.terrachula.cz\/en\/house-in-the-caribbean-9\/\" target=\"_self\" title=\"House in the Caribbean Ep. 9 &#8211; House construction\"><img fetchpriority=\"high\" decoding=\"async\" width=\"1920\" height=\"1280\" src=\"https:\/\/www.terrachula.cz\/wp-content\/uploads\/2023\/07\/blog-dum-v-karibiku.jpg\" class=\"attachment-full size-full wp-image-3070\" alt=\"\" srcset=\"https:\/\/www.terrachula.cz\/wp-content\/uploads\/2023\/07\/blog-dum-v-karibiku.jpg 1920w, https:\/\/www.terrachula.cz\/wp-content\/uploads\/2023\/07\/blog-dum-v-karibiku-600x400.jpg 600w, https:\/\/www.terrachula.cz\/wp-content\/uploads\/2023\/07\/blog-dum-v-karibiku-300x200.jpg 300w, https:\/\/www.terrachula.cz\/wp-content\/uploads\/2023\/07\/blog-dum-v-karibiku-1024x683.jpg 1024w, https:\/\/www.terrachula.cz\/wp-content\/uploads\/2023\/07\/blog-dum-v-karibiku-768x512.jpg 768w, https:\/\/www.terrachula.cz\/wp-content\/uploads\/2023\/07\/blog-dum-v-karibiku-1536x1024.jpg 1536w\" sizes=\"(max-width: 1920px) 100vw, 1920px\" \/><\/a>\n\t\t\t\t\t<\/div>\n\t\t\n\t\t\t\n\t\t\t<div class=\"uael-post__content-wrap uael-content-wrap-disabled\">\n\t\t\t\t\t\t\t<div class=\"uael-post__terms-wrap\"><span class=\"uael-post__terms\"><span class=\"uael-listing__terms-link\">Podcast<\/span><\/span><\/div>\n\t\t\t\t\t\t<h3 class=\"uael-post__title\">\n\n\t\t\n\t\t\t\t\t\t<a href=\"https:\/\/www.terrachula.cz\/en\/house-in-the-caribbean-9\/\" target=\"_self\">\n\t\t\t\tHouse in the Caribbean Ep. 9 &#8211; House construction\t\t\t<\/a>\n\n\t\t\t\t<\/h3>\n\t\t\n\t\t<div class=\"uael-post__excerpt\">\n\t\t\tThe moment you have the land, it's time to build the house itself. But how does it work? Find the answers in this episode.\t\t<\/div>\n\n\t\t\t\t\t<a class=\"uael-post__read-more elementor-button\" href=\"https:\/\/www.terrachula.cz\/en\/house-in-the-caribbean-9\/\" target=\"_self\" aria-labelledby=\"uael-post-4692\">\n\t\t\t\t\t<span class=\"elementor-button-content-wrapper\">\n\t\t\t\t\t\t\t\t\t\t\t\t\t\t<span class=\"elementor-button-icon elementor-align-icon-right\">\n\n\t\t\t\t\t\t\t\t\t\n\t\t\t\t\t\t\t\t<\/span>\n\t\t\t\t\t\t\t\t\t\t\t\t\t\n\t\t\t\t\t\t<span class=\"elementor-button-text\" id=uael-post-4692><span class=\"blog\">Read more<\/span><span class=\"podcast\">Play<\/span><\/span>\n\t\t\t\t\t<\/span>\n\t\t\t\t<\/a>\n\t\t\t\t\t\t<\/div>\n\t\t\t\n\t\t<\/div>\n\t\t\n\t<\/div>\n\n<\/div>\n\n<div class=\"uael-post-wrapper podcast  podcast \">\n\t<div class=\"uael-post__bg-wrap uael-bg-wrap-disabled \">\n\n\t\t\t\t\n\t\t<div class=\"uael-post__inner-wrap uael-inner-wrap-disabled\">\n\n\t\t\t\t<div class=\"uael-post__thumbnail\">\n\t\t\t\n\t\t\t<a href=\"https:\/\/www.terrachula.cz\/en\/house-in-the-caribbean-8\/\" target=\"_self\" title=\"House in the Caribbean Ep. 8 &#8211; Leisure activities\"><img fetchpriority=\"high\" decoding=\"async\" width=\"1920\" height=\"1280\" src=\"https:\/\/www.terrachula.cz\/wp-content\/uploads\/2023\/07\/blog-dum-v-karibiku.jpg\" class=\"attachment-full size-full wp-image-3070\" alt=\"\" srcset=\"https:\/\/www.terrachula.cz\/wp-content\/uploads\/2023\/07\/blog-dum-v-karibiku.jpg 1920w, https:\/\/www.terrachula.cz\/wp-content\/uploads\/2023\/07\/blog-dum-v-karibiku-600x400.jpg 600w, https:\/\/www.terrachula.cz\/wp-content\/uploads\/2023\/07\/blog-dum-v-karibiku-300x200.jpg 300w, https:\/\/www.terrachula.cz\/wp-content\/uploads\/2023\/07\/blog-dum-v-karibiku-1024x683.jpg 1024w, https:\/\/www.terrachula.cz\/wp-content\/uploads\/2023\/07\/blog-dum-v-karibiku-768x512.jpg 768w, https:\/\/www.terrachula.cz\/wp-content\/uploads\/2023\/07\/blog-dum-v-karibiku-1536x1024.jpg 1536w\" sizes=\"(max-width: 1920px) 100vw, 1920px\" \/><\/a>\n\t\t\t\t\t<\/div>\n\t\t\n\t\t\t\n\t\t\t<div class=\"uael-post__content-wrap uael-content-wrap-disabled\">\n\t\t\t\t\t\t\t<div class=\"uael-post__terms-wrap\"><span class=\"uael-post__terms\"><span class=\"uael-listing__terms-link\">Podcast<\/span><\/span><\/div>\n\t\t\t\t\t\t<h3 class=\"uael-post__title\">\n\n\t\t\n\t\t\t\t\t\t<a href=\"https:\/\/www.terrachula.cz\/en\/house-in-the-caribbean-8\/\" target=\"_self\">\n\t\t\t\tHouse in the Caribbean Ep. 8 &#8211; Leisure activities\t\t\t<\/a>\n\n\t\t\t\t<\/h3>\n\t\t\n\t\t<div class=\"uael-post__excerpt\">\n\t\t\tWhat can you do on Roat\u00e1n? How to spend your free time? That's exactly what we're going to cover in this episode.\t\t<\/div>\n\n\t\t\t\t\t<a class=\"uael-post__read-more elementor-button\" href=\"https:\/\/www.terrachula.cz\/en\/house-in-the-caribbean-8\/\" target=\"_self\" aria-labelledby=\"uael-post-4688\">\n\t\t\t\t\t<span class=\"elementor-button-content-wrapper\">\n\t\t\t\t\t\t\t\t\t\t\t\t\t\t<span class=\"elementor-button-icon elementor-align-icon-right\">\n\n\t\t\t\t\t\t\t\t\t\n\t\t\t\t\t\t\t\t<\/span>\n\t\t\t\t\t\t\t\t\t\t\t\t\t\n\t\t\t\t\t\t<span class=\"elementor-button-text\" id=uael-post-4688><span class=\"blog\">Read more<\/span><span class=\"podcast\">Play<\/span><\/span>\n\t\t\t\t\t<\/span>\n\t\t\t\t<\/a>\n\t\t\t\t\t\t<\/div>\n\t\t\t\n\t\t<\/div>\n\t\t\n\t<\/div>\n\n<\/div>\n\n<div class=\"uael-post-wrapper podcast  podcast \">\n\t<div class=\"uael-post__bg-wrap uael-bg-wrap-disabled \">\n\n\t\t\t\t\n\t\t<div class=\"uael-post__inner-wrap uael-inner-wrap-disabled\">\n\n\t\t\t\t<div class=\"uael-post__thumbnail\">\n\t\t\t\n\t\t\t<a href=\"https:\/\/www.terrachula.cz\/en\/house-in-the-caribbean-7\/\" target=\"_self\" title=\"House in the Caribbean Ep. 7 &#8211; Rental property\"><img fetchpriority=\"high\" decoding=\"async\" width=\"1920\" height=\"1280\" src=\"https:\/\/www.terrachula.cz\/wp-content\/uploads\/2023\/07\/blog-dum-v-karibiku.jpg\" class=\"attachment-full size-full wp-image-3070\" alt=\"\" srcset=\"https:\/\/www.terrachula.cz\/wp-content\/uploads\/2023\/07\/blog-dum-v-karibiku.jpg 1920w, https:\/\/www.terrachula.cz\/wp-content\/uploads\/2023\/07\/blog-dum-v-karibiku-600x400.jpg 600w, https:\/\/www.terrachula.cz\/wp-content\/uploads\/2023\/07\/blog-dum-v-karibiku-300x200.jpg 300w, https:\/\/www.terrachula.cz\/wp-content\/uploads\/2023\/07\/blog-dum-v-karibiku-1024x683.jpg 1024w, https:\/\/www.terrachula.cz\/wp-content\/uploads\/2023\/07\/blog-dum-v-karibiku-768x512.jpg 768w, https:\/\/www.terrachula.cz\/wp-content\/uploads\/2023\/07\/blog-dum-v-karibiku-1536x1024.jpg 1536w\" sizes=\"(max-width: 1920px) 100vw, 1920px\" \/><\/a>\n\t\t\t\t\t<\/div>\n\t\t\n\t\t\t\n\t\t\t<div class=\"uael-post__content-wrap uael-content-wrap-disabled\">\n\t\t\t\t\t\t\t<div class=\"uael-post__terms-wrap\"><span class=\"uael-post__terms\"><span class=\"uael-listing__terms-link\">Podcast<\/span><\/span><\/div>\n\t\t\t\t\t\t<h3 class=\"uael-post__title\">\n\n\t\t\n\t\t\t\t\t\t<a href=\"https:\/\/www.terrachula.cz\/en\/house-in-the-caribbean-7\/\" target=\"_self\">\n\t\t\t\tHouse in the Caribbean Ep. 7 &#8211; Rental property\t\t\t<\/a>\n\n\t\t\t\t<\/h3>\n\t\t\n\t\t<div class=\"uael-post__excerpt\">\n\t\t\tOnce you own the property, what next?\t\t<\/div>\n\n\t\t\t\t\t<a class=\"uael-post__read-more elementor-button\" href=\"https:\/\/www.terrachula.cz\/en\/house-in-the-caribbean-7\/\" target=\"_self\" aria-labelledby=\"uael-post-4684\">\n\t\t\t\t\t<span class=\"elementor-button-content-wrapper\">\n\t\t\t\t\t\t\t\t\t\t\t\t\t\t<span class=\"elementor-button-icon elementor-align-icon-right\">\n\n\t\t\t\t\t\t\t\t\t\n\t\t\t\t\t\t\t\t<\/span>\n\t\t\t\t\t\t\t\t\t\t\t\t\t\n\t\t\t\t\t\t<span class=\"elementor-button-text\" id=uael-post-4684><span class=\"blog\">Read more<\/span><span class=\"podcast\">Play<\/span><\/span>\n\t\t\t\t\t<\/span>\n\t\t\t\t<\/a>\n\t\t\t\t\t\t<\/div>\n\t\t\t\n\t\t<\/div>\n\t\t\n\t<\/div>\n\n<\/div>\n\t\t\t\t<\/div>\n\t\t\t\t\t\t<div class=\"uael-post-inf-loader\">\n\t\t\t\t<div class=\"uael-post-loader-1\"><\/div>\n\t\t\t\t<div class=\"uael-post-loader-2\"><\/div>\n\t\t\t\t<div class=\"uael-post-loader-3\"><\/div>\n\t\t\t<\/div>\n\t\t\t\t\t\t\n\t\t<\/div>\n\n\t\t\t\t\t\t<\/div>\n\t\t<div class=\"uael-post__footer\">\n\t\t\t\t\t\t<nav class=\"uael-grid-pagination\" style=\"display:none;\" role=\"navigation\" aria-label=\"Pagination\" data-total=\"3\" data-next-page=\"2\">\n\t\t\t\t\t\t\t<\/nav>\n\t\t\t\t\t<\/div>\n\t\t\t\t\t\t<\/div>\n\t\t\t\t<\/div>\n\t\t\t\t\t<\/div>\n\t\t\t\t<\/div>\n\t\t\t\t<\/div>\n\t\t","protected":false},"excerpt":{"rendered":"<p>We bring you interesting facts and news from the island of Roat\u00e1n. News subscription All Blog Podcast Podcast D\u016fm v Karibiku V na\u0161\u00ed prvn\u00ed epizod\u011b si pohovo\u0159\u00edme se zakladateli projektu Terra Chula o za\u010d\u00e1tc\u00edch a dal\u0161\u00edch t\u00e9matech spojen\u00fdch s projektem. Read morePlay Blog 10 v\u011bc\u00ed, kter\u00e9 byste na Roat\u00e1nu m\u011bli ochutnat Pokud se chyst\u00e1te na [&hellip;]<\/p>\n","protected":false},"author":1,"featured_media":0,"parent":0,"menu_order":0,"comment_status":"closed","ping_status":"closed","template":"","meta":{"_acf_changed":false,"footnotes":""},"class_list":["post-3130","page","type-page","status-publish","hentry"],"acf":[],"_links":{"self":[{"href":"https:\/\/www.terrachula.cz\/en\/wp-json\/wp\/v2\/pages\/3130","targetHints":{"allow":["GET"]}}],"collection":[{"href":"https:\/\/www.terrachula.cz\/en\/wp-json\/wp\/v2\/pages"}],"about":[{"href":"https:\/\/www.terrachula.cz\/en\/wp-json\/wp\/v2\/types\/page"}],"author":[{"embeddable":true,"href":"https:\/\/www.terrachula.cz\/en\/wp-json\/wp\/v2\/users\/1"}],"replies":[{"embeddable":true,"href":"https:\/\/www.terrachula.cz\/en\/wp-json\/wp\/v2\/comments?post=3130"}],"version-history":[{"count":0,"href":"https:\/\/www.terrachula.cz\/en\/wp-json\/wp\/v2\/pages\/3130\/revisions"}],"wp:attachment":[{"href":"https:\/\/www.terrachula.cz\/en\/wp-json\/wp\/v2\/media?parent=3130"}],"curies":[{"name":"wp","href":"https:\/\/api.w.org\/{rel}","templated":true}]}}