{"id":3151,"date":"2023-06-05T20:43:01","date_gmt":"2023-06-05T20:43:01","guid":{"rendered":"https:\/\/new.terrachula.cz\/domains\/new.terrachula.cz\/contact\/"},"modified":"2024-11-13T07:55:46","modified_gmt":"2024-11-13T07:55:46","slug":"contact","status":"publish","type":"page","link":"https:\/\/www.terrachula.cz\/en\/contact\/","title":{"rendered":"Contact"},"content":{"rendered":"\t\t<div data-elementor-type=\"wp-page\" data-elementor-id=\"3151\" class=\"elementor elementor-3151 elementor-21\" data-elementor-post-type=\"page\">\n\t\t\t\t<div class=\"elementor-element elementor-element-07543f7 e-flex e-con-boxed e-con e-parent\" data-id=\"07543f7\" data-element_type=\"container\" data-e-type=\"container\" data-settings=\"{&quot;background_background&quot;:&quot;classic&quot;}\">\n\t\t\t\t\t<div class=\"e-con-inner\">\n\t\t\t\t<div class=\"elementor-element elementor-element-e1cb3a8 elementor-position-inline-start elementor-view-default elementor-mobile-position-block-start elementor-widget elementor-widget-icon-box\" data-id=\"e1cb3a8\" data-element_type=\"widget\" data-e-type=\"widget\" data-widget_type=\"icon-box.default\">\n\t\t\t\t<div class=\"elementor-widget-container\">\n\t\t\t\t\t\t\t<div class=\"elementor-icon-box-wrapper\">\n\n\t\t\t\t\t\t<div class=\"elementor-icon-box-icon\">\n\t\t\t\t<span  class=\"elementor-icon\">\n\t\t\t\t<svg xmlns=\"http:\/\/www.w3.org\/2000\/svg\" width=\"58.942\" height=\"60.743\" viewBox=\"0 0 58.942 60.743\"><path id=\"Path_17\" data-name=\"Path 17\" d=\"M45.64,33.326a7.776,7.776,0,0,1-.976-1.161,11.585,11.585,0,0,0-2.12-2.591,3.954,3.954,0,0,0-3.062-1.161c-1.817.05-6.04,1.3-6.932,1.279-.892,0-4.172-15.882-8.463-19.567a103.109,103.109,0,0,1-9.135-9.4s-1.767-2.1-1.481.892c.017.2.05.4.084.606-.32-.252-1.9-1.413-1.228,1.178a.152.152,0,0,0,.017.084c-.69-.37-1.565-.471-.959,1.9a3.323,3.323,0,0,0,.135.437c-.673-.336-1.464-.336-.875,1.952A8.631,8.631,0,0,0,11.1,9.083c-.673-.135-1.279.118-.37,2.1a9.7,9.7,0,0,0,1.077,1.767c-.757-.084-1.514.151-.185,2.12a8.317,8.317,0,0,0,1.363,1.581c-.69-.034-1.245.32-.017,2.137a2.05,2.05,0,0,1,.4,1.481s-6.326-4.156-8.16-6.023S1.83,11.388.4,11.472c-.538.118-.791.572,1.043,2.036a.352.352,0,0,0,.1.067c-.858.067-1.615.522,1.043,2.658.168.135.336.252.5.387-.808.084-1.43.589,1.127,2.641a15.28,15.28,0,0,0,1.548,1.094c-.639.286-.959.925.942,2.372A10.824,10.824,0,0,0,9.35,24.342c-.808.084-1.43.589,1.127,2.641a15.28,15.28,0,0,0,1.548,1.094c-.639.286-.858.959,1.666,2.473a16.1,16.1,0,0,0,2.439,1.178c-.656.387-1.009,1.144,1.817,2.389a12.066,12.066,0,0,0,1.346.5,5.586,5.586,0,0,1,.993.4.083.083,0,0,1,.05.017.635.635,0,0,1,.236,1.127,12.7,12.7,0,0,0-3.112,10.179C18.637,55,16.8,59.135,16.972,59.925a.559.559,0,0,0,.286.488c.336.151.993-.723,1.363-1.279-.034.4-.067,1.413.555,1.6.639.2,1.649-1.884,2-2.641.034.522.236,1.884,1.11,2,.622.084,1.228-1.363,1.615-2.608.3.488.757.976,1.312.875.622-.118.757-1.649.757-2.944a.77.77,0,0,0,.74.2c.488-.168.3-1.581.135-2.524a.929.929,0,0,0,1.211.286c.622-.5-.118-3.415-1.211-5.485a9.9,9.9,0,0,0-2.271-2.843s4.576-.2,7.571-1.9,4.021-5.973,6.9-6.04a15.064,15.064,0,0,0,5.922-1.565l13.981,5.047c-.1-.168-10.414-5.737-13.308-7.285Z\" transform=\"translate(-0.006 -0.004)\" fill=\"#fff\"><\/path><\/svg>\t\t\t\t<\/span>\n\t\t\t<\/div>\n\t\t\t\n\t\t\t\t\t\t<div class=\"elementor-icon-box-content\">\n\n\t\t\t\t\n\t\t\t\t\t\t\t\t\t<p class=\"elementor-icon-box-description\">\n\t\t\t\t\t\tDreaming of a place where you will feel like in paradise?<br>\nContact us.\t\t\t\t\t<\/p>\n\t\t\t\t\n\t\t\t<\/div>\n\t\t\t\n\t\t<\/div>\n\t\t\t\t\t\t<\/div>\n\t\t\t\t<\/div>\n\t\t\t\t\t<\/div>\n\t\t\t\t<\/div>\n\t\t<div class=\"elementor-element elementor-element-0209f7c e-flex e-con-boxed e-con e-parent\" data-id=\"0209f7c\" data-element_type=\"container\" data-e-type=\"container\">\n\t\t\t\t\t<div class=\"e-con-inner\">\n\t\t\t\t<div class=\"elementor-element elementor-element-41ecbfc elementor-widget elementor-widget-heading\" data-id=\"41ecbfc\" data-element_type=\"widget\" data-e-type=\"widget\" data-widget_type=\"heading.default\">\n\t\t\t\t<div class=\"elementor-widget-container\">\n\t\t\t\t\t<h1 class=\"elementor-heading-title elementor-size-default\">Stay connected with Terra Chula<\/h1>\t\t\t\t<\/div>\n\t\t\t\t<\/div>\n\t\t\t\t<div class=\"elementor-element elementor-element-7e48db1 elementor-widget__width-initial elementor-widget elementor-widget-text-editor\" data-id=\"7e48db1\" data-element_type=\"widget\" data-e-type=\"widget\" data-widget_type=\"text-editor.default\">\n\t\t\t\t<div class=\"elementor-widget-container\">\n\t\t\t\t\t\t\t\t\t<p>Fill out the form below and one of our team members will respond to your request.<\/p>\n\t\t\t\t\t\t\t\t<\/div>\n\t\t\t\t<\/div>\n\t\t\t\t<div class=\"elementor-element elementor-element-f19dc5e elementor-widget elementor-widget-text-editor\" data-id=\"f19dc5e\" data-element_type=\"widget\" data-e-type=\"widget\" data-widget_type=\"text-editor.default\">\n\t\t\t\t<div class=\"elementor-widget-container\">\n\t\t\t\t\t\t\t\t\t<p>All fields marked with * are required.<\/p>\n\t\t\t\t\t\t\t\t<\/div>\n\t\t\t\t<\/div>\n\t\t\t\t<div class=\"elementor-element elementor-element-0d15960 elementor-button-align-center elementor-widget elementor-widget-global elementor-global-4562 elementor-global-4217 elementor-widget-form\" data-id=\"0d15960\" data-element_type=\"widget\" data-e-type=\"widget\" data-settings=\"{&quot;button_width&quot;:&quot;100&quot;,&quot;step_type&quot;:&quot;number_text&quot;,&quot;step_icon_shape&quot;:&quot;circle&quot;}\" data-widget_type=\"form.default\">\n\t\t\t\t<div class=\"elementor-widget-container\">\n\t\t\t\t\t\t\t<form class=\"elementor-form\" method=\"post\" id=\"kontaktni_formular\" name=\"Contact form\" aria-label=\"Contact form\">\n\t\t\t<input type=\"hidden\" name=\"post_id\" value=\"3151\"\/>\n\t\t\t<input type=\"hidden\" name=\"form_id\" value=\"0d15960\"\/>\n\t\t\t<input type=\"hidden\" name=\"referer_title\" value=\"\" \/>\n\n\t\t\t\n\t\t\t<div class=\"elementor-form-fields-wrapper elementor-labels-above\">\n\t\t\t\t\t\t\t\t<div class=\"elementor-field-type-text elementor-field-group elementor-column elementor-field-group-name elementor-col-50 elementor-field-required elementor-mark-required\">\n\t\t\t\t\t\t\t\t\t\t\t\t<label for=\"form-field-name\" class=\"elementor-field-label\">\n\t\t\t\t\t\t\t\tName\t\t\t\t\t\t\t<\/label>\n\t\t\t\t\t\t\t\t\t\t\t\t\t\t<input size=\"1\" type=\"text\" name=\"form_fields[name]\" id=\"form-field-name\" class=\"elementor-field elementor-size-sm  elementor-field-textual\" required=\"required\">\n\t\t\t\t\t\t\t\t\t\t\t<\/div>\n\t\t\t\t\t\t\t\t<div class=\"elementor-field-type-text elementor-field-group elementor-column elementor-field-group-field_0422172 elementor-col-50 elementor-field-required elementor-mark-required\">\n\t\t\t\t\t\t\t\t\t\t\t\t<label for=\"form-field-field_0422172\" class=\"elementor-field-label\">\n\t\t\t\t\t\t\t\tLast name\t\t\t\t\t\t\t<\/label>\n\t\t\t\t\t\t\t\t\t\t\t\t\t\t<input size=\"1\" type=\"text\" name=\"form_fields[field_0422172]\" id=\"form-field-field_0422172\" class=\"elementor-field elementor-size-sm  elementor-field-textual\" required=\"required\">\n\t\t\t\t\t\t\t\t\t\t\t<\/div>\n\t\t\t\t\t\t\t\t<div class=\"elementor-field-type-email elementor-field-group elementor-column elementor-field-group-email elementor-col-50 elementor-field-required elementor-mark-required\">\n\t\t\t\t\t\t\t\t\t\t\t\t<label for=\"form-field-email\" class=\"elementor-field-label\">\n\t\t\t\t\t\t\t\tE-mail\t\t\t\t\t\t\t<\/label>\n\t\t\t\t\t\t\t\t\t\t\t\t\t\t<input size=\"1\" type=\"email\" name=\"form_fields[email]\" id=\"form-field-email\" class=\"elementor-field elementor-size-sm  elementor-field-textual\" required=\"required\">\n\t\t\t\t\t\t\t\t\t\t\t<\/div>\n\t\t\t\t\t\t\t\t<div class=\"elementor-field-type-tel elementor-field-group elementor-column elementor-field-group-field_5172be8 elementor-col-50\">\n\t\t\t\t\t\t\t\t\t\t\t\t<label for=\"form-field-field_5172be8\" class=\"elementor-field-label\">\n\t\t\t\t\t\t\t\tPhone\t\t\t\t\t\t\t<\/label>\n\t\t\t\t\t\t\t\t<input size=\"1\" type=\"tel\" name=\"form_fields[field_5172be8]\" id=\"form-field-field_5172be8\" class=\"elementor-field elementor-size-sm  elementor-field-textual\" pattern=\"[0-9()#&amp;+*-=.]+\" title=\"Only numbers and phone characters (#, -, *, etc) are accepted.\">\n\n\t\t\t\t\t\t<\/div>\n\t\t\t\t\t\t\t\t<div class=\"elementor-field-type-text elementor-field-group elementor-column elementor-field-group-field_6f6b027 elementor-col-50\">\n\t\t\t\t\t\t\t\t\t\t\t\t<label for=\"form-field-field_6f6b027\" class=\"elementor-field-label\">\n\t\t\t\t\t\t\t\tCountry\t\t\t\t\t\t\t<\/label>\n\t\t\t\t\t\t\t\t\t\t\t\t\t\t<input size=\"1\" type=\"text\" name=\"form_fields[field_6f6b027]\" id=\"form-field-field_6f6b027\" class=\"elementor-field elementor-size-sm  elementor-field-textual\">\n\t\t\t\t\t\t\t\t\t\t\t<\/div>\n\t\t\t\t\t\t\t\t<div class=\"elementor-field-type-select elementor-field-group elementor-column elementor-field-group-field_79dfd88 elementor-col-50\">\n\t\t\t\t\t\t\t\t\t\t\t\t<label for=\"form-field-field_79dfd88\" class=\"elementor-field-label\">\n\t\t\t\t\t\t\t\tType of query\t\t\t\t\t\t\t<\/label>\n\t\t\t\t\t\t\t\t<div class=\"elementor-field elementor-select-wrapper remove-before \">\n\t\t\t<div class=\"select-caret-down-wrapper\">\n\t\t\t\t<svg aria-hidden=\"true\" class=\"e-font-icon-svg e-eicon-caret-down\" viewBox=\"0 0 571.4 571.4\" xmlns=\"http:\/\/www.w3.org\/2000\/svg\"><path d=\"M571 393Q571 407 561 418L311 668Q300 679 286 679T261 668L11 418Q0 407 0 393T11 368 36 357H536Q550 357 561 368T571 393Z\"><\/path><\/svg>\t\t\t<\/div>\n\t\t\t<select name=\"form_fields[field_79dfd88]\" id=\"form-field-field_79dfd88\" class=\"elementor-field-textual elementor-size-sm\">\n\t\t\t\t\t\t\t\t\t<option value=\"Purchase of land\">Purchase of land<\/option>\n\t\t\t\t\t\t\t\t\t<option value=\"Reservation of accommodation\">Reservation of accommodation<\/option>\n\t\t\t\t\t\t\t\t\t<option value=\"Meetings and events\">Meetings and events<\/option>\n\t\t\t\t\t\t\t\t\t<option value=\"Feedback\">Feedback<\/option>\n\t\t\t\t\t\t\t\t\t<option value=\"Forthcoming\">Forthcoming<\/option>\n\t\t\t\t\t\t\t\t\t<option value=\"Careers\">Careers<\/option>\n\t\t\t\t\t\t\t<\/select>\n\t\t<\/div>\n\t\t\t\t\t\t<\/div>\n\t\t\t\t\t\t\t\t<div class=\"elementor-field-type-textarea elementor-field-group elementor-column elementor-field-group-message elementor-col-100\">\n\t\t\t\t\t\t\t\t\t\t\t\t<label for=\"form-field-message\" class=\"elementor-field-label\">\n\t\t\t\t\t\t\t\tReport\t\t\t\t\t\t\t<\/label>\n\t\t\t\t\t\t<textarea class=\"elementor-field-textual elementor-field  elementor-size-sm\" name=\"form_fields[message]\" id=\"form-field-message\" rows=\"4\"><\/textarea>\t\t\t\t<\/div>\n\t\t\t\t\t\t\t\t<div class=\"elementor-field-type-html elementor-field-group elementor-column elementor-field-group-field_bcb3ff5 elementor-col-100\">\n\t\t\t\t\t<small>This site is protected by reCAPTCHA and is subject to <a href=\"https:\/\/policies.google.com\/terms\" target=\"_blank\" rel=\"noopener\">Google's privacy policy<\/a> and <a href=\"https:\/\/policies.google.com\/privacy\" target=\"_blank\" rel=\"noopener\">terms of service<\/a>.<br>\nBy sending the message I acknowledge the <a href=\"https:\/\/www.terrachula.cz\/en\/privacy-policy\/\">processing of personal data<\/a>.<\/small>\t\t\t\t<\/div>\n\t\t\t\t\t\t\t\t<div class=\"elementor-field-group elementor-column elementor-field-type-submit elementor-col-100 e-form__buttons\">\n\t\t\t\t\t<button class=\"elementor-button elementor-size-sm\" type=\"submit\">\n\t\t\t\t\t\t<span class=\"elementor-button-content-wrapper\">\n\t\t\t\t\t\t\t\t\t\t\t\t\t\t\t\t\t\t\t\t\t\t<span class=\"elementor-button-text\">Send to<\/span>\n\t\t\t\t\t\t\t\t\t\t\t\t\t<\/span>\n\t\t\t\t\t<\/button>\n\t\t\t\t<\/div>\n\t\t\t<\/div>\n\t\t<\/form>\n\t\t\t\t\t\t<\/div>\n\t\t\t\t<\/div>\n\t\t\t\t\t<\/div>\n\t\t\t\t<\/div>\n\t\t<div class=\"elementor-element elementor-element-062b3f8 e-flex e-con-boxed e-con e-parent\" data-id=\"062b3f8\" data-element_type=\"container\" data-e-type=\"container\">\n\t\t\t\t\t<div class=\"e-con-inner\">\n\t\t<div class=\"elementor-element elementor-element-7233499 e-con-full e-flex e-con e-child\" data-id=\"7233499\" data-element_type=\"container\" data-e-type=\"container\">\n\t\t\t\t<div class=\"elementor-element elementor-element-1afcb26 elementor-widget elementor-widget-image\" data-id=\"1afcb26\" data-element_type=\"widget\" data-e-type=\"widget\" data-widget_type=\"image.default\">\n\t\t\t\t<div class=\"elementor-widget-container\">\n\t\t\t\t\t\t\t\t\t\t\t\t\t\t\t<img fetchpriority=\"high\" decoding=\"async\" width=\"785\" height=\"1024\" src=\"https:\/\/www.terrachula.cz\/wp-content\/uploads\/2023\/06\/d0a0837-785x1024.jpg\" class=\"attachment-large size-large wp-image-2865\" alt=\"\" srcset=\"https:\/\/www.terrachula.cz\/wp-content\/uploads\/2023\/06\/d0a0837-785x1024.jpg 785w, https:\/\/www.terrachula.cz\/wp-content\/uploads\/2023\/06\/d0a0837-600x782.jpg 600w, https:\/\/www.terrachula.cz\/wp-content\/uploads\/2023\/06\/d0a0837-230x300.jpg 230w, https:\/\/www.terrachula.cz\/wp-content\/uploads\/2023\/06\/d0a0837-768x1001.jpg 768w, https:\/\/www.terrachula.cz\/wp-content\/uploads\/2023\/06\/d0a0837.jpg 1086w\" sizes=\"(max-width: 785px) 100vw, 785px\" \/>\t\t\t\t\t\t\t\t\t\t\t\t\t\t\t<\/div>\n\t\t\t\t<\/div>\n\t\t\t\t<\/div>\n\t\t<div class=\"elementor-element elementor-element-65cdca2 e-con-full e-flex e-con e-child\" data-id=\"65cdca2\" data-element_type=\"container\" data-e-type=\"container\">\n\t\t\t\t<div class=\"elementor-element elementor-element-0f7dd28 elementor-widget elementor-widget-text-editor\" data-id=\"0f7dd28\" data-element_type=\"widget\" data-e-type=\"widget\" data-widget_type=\"text-editor.default\">\n\t\t\t\t<div class=\"elementor-widget-container\">\n\t\t\t\t\t\t\t\t\t<h2>Contact<\/h2>\n<p>Phone and WhatsApp:  <br \/><a href=\"tel:+420608754465\">+420 608 754 465<\/a><\/p>\n<p>Resort:  <br \/><a href=\"tel:+50489902433\">+504 8990 2433<\/a><\/p>\n<p>Email:  <br \/><a href=\"mailto:info@terrachula.com\">Info@terrachula.com<\/a><\/p>\n\t\t\t\t\t\t\t\t<\/div>\n\t\t\t\t<\/div>\n\t\t\t\t<div class=\"elementor-element elementor-element-76628a2 elementor-widget elementor-widget-text-editor\" data-id=\"76628a2\" data-element_type=\"widget\" data-e-type=\"widget\" data-widget_type=\"text-editor.default\">\n\t\t\t\t<div class=\"elementor-widget-container\">\n\t\t\t\t\t\t\t\t\t<p>TERRA CHULA HOLDINGS S.A., <br \/>RTN:11019017936897<\/p>\n<p><a href=\"https:\/\/goo.gl\/maps\/rAyAYUS3ASbQJ62W6\" target=\"_blank\" rel=\"noopener\">Jonesville Point Rd.,  <br \/>Jose Santos Guardiola, Roatan, Bay Island  <br \/>341 01, Honduras C.A.<\/a><\/p>\n<p>GPS:<br \/>16.3850019N, 86.3791694W<\/p>\n<p>MONASTA CZ, s.r.o.<br \/>V\u00e1\u017eany 64, 680 01, V\u00e1\u017eany<br \/>\u010cesk\u00e1 Republika<br \/>I\u010c: 08150001<br \/>DI\u010c: CZ08150001<\/p>\n\t\t\t\t\t\t\t\t<\/div>\n\t\t\t\t<\/div>\n\t\t\t\t<\/div>\n\t\t\t\t\t<\/div>\n\t\t\t\t<\/div>\n\t\t<div class=\"elementor-element elementor-element-fc7a874 e-con-full e-flex e-con e-parent\" data-id=\"fc7a874\" data-element_type=\"container\" data-e-type=\"container\">\n\t\t\t\t<div class=\"elementor-element elementor-element-c35e9df elementor-widget elementor-widget-google_maps\" data-id=\"c35e9df\" data-element_type=\"widget\" data-e-type=\"widget\" data-widget_type=\"google_maps.default\">\n\t\t\t\t<div class=\"elementor-widget-container\">\n\t\t\t\t\t\t\t<div class=\"elementor-custom-embed\">\n\t\t\t<iframe loading=\"lazy\"\n\t\t\t\t\tsrc=\"https:\/\/maps.google.com\/maps?q=TERRA%20CHULA%20HOLDINGS%20S.A.%2C&#038;t=m&#038;z=13&#038;output=embed&#038;iwloc=near\"\n\t\t\t\t\ttitle=\"TERRA CHULA HOLDINGS S.A.,\"\n\t\t\t\t\taria-label=\"TERRA CHULA HOLDINGS S.A.,\"\n\t\t\t><\/iframe>\n\t\t<\/div>\n\t\t\t\t\t\t<\/div>\n\t\t\t\t<\/div>\n\t\t\t\t<\/div>\n\t\t\t\t<\/div>\n\t\t","protected":false},"excerpt":{"rendered":"<p>Dreaming of a place where you will feel like in paradise? Contact us. Stay connected with Terra Chula Fill out the form below and one of our team members will respond to your request. All fields marked with * are required. Contact Phone and WhatsApp: +420 608 754 465 Resort: +504 8990 2433 Email: Info@terrachula.com [&hellip;]<\/p>\n","protected":false},"author":1,"featured_media":0,"parent":0,"menu_order":0,"comment_status":"closed","ping_status":"closed","template":"","meta":{"_acf_changed":false,"footnotes":""},"class_list":["post-3151","page","type-page","status-publish","hentry"],"acf":[],"_links":{"self":[{"href":"https:\/\/www.terrachula.cz\/en\/wp-json\/wp\/v2\/pages\/3151","targetHints":{"allow":["GET"]}}],"collection":[{"href":"https:\/\/www.terrachula.cz\/en\/wp-json\/wp\/v2\/pages"}],"about":[{"href":"https:\/\/www.terrachula.cz\/en\/wp-json\/wp\/v2\/types\/page"}],"author":[{"embeddable":true,"href":"https:\/\/www.terrachula.cz\/en\/wp-json\/wp\/v2\/users\/1"}],"replies":[{"embeddable":true,"href":"https:\/\/www.terrachula.cz\/en\/wp-json\/wp\/v2\/comments?post=3151"}],"version-history":[{"count":0,"href":"https:\/\/www.terrachula.cz\/en\/wp-json\/wp\/v2\/pages\/3151\/revisions"}],"wp:attachment":[{"href":"https:\/\/www.terrachula.cz\/en\/wp-json\/wp\/v2\/media?parent=3151"}],"curies":[{"name":"wp","href":"https:\/\/api.w.org\/{rel}","templated":true}]}}