{"id":3153,"date":"2023-06-05T20:43:36","date_gmt":"2023-06-05T20:43:36","guid":{"rendered":"https:\/\/new.terrachula.cz\/domains\/new.terrachula.cz\/privacy-policy\/"},"modified":"2023-08-16T12:26:00","modified_gmt":"2023-08-16T12:26:00","slug":"privacy-policy","status":"publish","type":"page","link":"https:\/\/www.terrachula.cz\/en\/privacy-policy\/","title":{"rendered":"Privacy Policy"},"content":{"rendered":"\t\t<div data-elementor-type=\"wp-page\" data-elementor-id=\"3153\" class=\"elementor elementor-3153 elementor-25\" data-elementor-post-type=\"page\">\n\t\t\t\t<div class=\"elementor-element elementor-element-cdb97b3 e-flex e-con-boxed e-con e-parent\" data-id=\"cdb97b3\" data-element_type=\"container\" data-e-type=\"container\" data-settings=\"{&quot;background_background&quot;:&quot;classic&quot;}\">\n\t\t\t\t\t<div class=\"e-con-inner\">\n\t\t\t\t\t<\/div>\n\t\t\t\t<\/div>\n\t\t<div class=\"elementor-element elementor-element-6c07673 e-flex e-con-boxed e-con e-parent\" data-id=\"6c07673\" data-element_type=\"container\" data-e-type=\"container\">\n\t\t\t\t\t<div class=\"e-con-inner\">\n\t\t\t\t<div class=\"elementor-element elementor-element-c7662fd elementor-widget elementor-widget-text-editor\" data-id=\"c7662fd\" data-element_type=\"widget\" data-e-type=\"widget\" data-widget_type=\"text-editor.default\">\n\t\t\t\t<div class=\"elementor-widget-container\">\n\t\t\t\t\t\t\t\t\t<section class=\"elementor-section elementor-inner-section elementor-element elementor-element-eade151 elementor-section-boxed elementor-section-height-default elementor-section-height-default\" data-id=\"eade151\" data-element_type=\"section\">\n<div class=\"elementor-container elementor-column-gap-default\">\n<div class=\"elementor-column elementor-col-50 elementor-inner-column elementor-element elementor-element-55b3262\" data-id=\"55b3262\" data-element_type=\"column\">\n<div class=\"elementor-widget-wrap elementor-element-populated\">\n<div class=\"elementor-element elementor-element-e37f2fd elementor-widget elementor-widget-text-editor\" data-id=\"e37f2fd\" data-element_type=\"widget\" data-widget_type=\"text-editor.default\">\n<div class=\"elementor-widget-container\">\n<p>You consent to the processing of your personal data:<\/p>\n<\/div>\n<\/div>\n<div class=\"elementor-element elementor-element-f4762c1 elementor-widget elementor-widget-text-editor\" data-id=\"f4762c1\" data-element_type=\"widget\" data-widget_type=\"text-editor.default\">\n<div class=\"elementor-widget-container\"><strong>Subject<\/strong>: Projekt Terra Chula a.s.<br \/><strong>Headquarters<\/strong>: Hlavn\u00ed 1069\/40, Kom\u00edn, 624 00 Brno<br \/><strong>ID<\/strong>: 05926165<br \/><strong>Subject<\/strong>: Akciov\u00e1 spole\u010dnost<br \/><strong>File No<\/strong>: B 7703\/KSBR Regional Court in Brno<\/div>\n<div> <\/div>\n<\/div>\n<div class=\"elementor-element elementor-element-c5fcbd1 elementor-widget elementor-widget-text-editor\" data-id=\"c5fcbd1\" data-element_type=\"widget\" data-widget_type=\"text-editor.default\">\n<div class=\"elementor-widget-container\">\n<p>to process personal data in accordance with the Data Protection Act and GDPR as a data controller in accordance with the terms below.<\/p>\n<\/div>\n<\/div>\n<\/div>\n<\/div>\n<div class=\"elementor-column elementor-col-50 elementor-inner-column elementor-element elementor-element-589fd09\" data-id=\"589fd09\" data-element_type=\"column\">\n<div class=\"elementor-widget-wrap elementor-element-populated\">\n<div class=\"elementor-element elementor-element-528b990 elementor-widget elementor-widget-text-editor\" data-id=\"528b990\" data-element_type=\"widget\" data-widget_type=\"text-editor.default\">\n<div class=\"elementor-widget-container\">\n<p>When handling personal data, we act in accordance with the legal order of the Czech Republic and directly applicable regulations of the European Union, in particular Act No. 110\/2019 Coll., on the processing of personal data, as amended, Act No. 480\/2004 Coll. and in accordance with the provisions of Article 13 of Regulation (EU) No. 2016\/679 of the European Parliament and of the Council of 27 April 2016, the General Data Protection Regulation on certain information society services and amending certain laws, as amended.<\/p>\n<p>In the following lines we will explain how and for what purpose we process your personal data and who the processors may be. This information is important, so we hope you will take the time to read it carefully.<\/p>\n<\/div>\n<\/div>\n<\/div>\n<\/div>\n<\/div>\n<\/section>\n<div class=\"elementor-element elementor-element-af98909 elementor-widget elementor-widget-text-editor\" data-id=\"af98909\" data-element_type=\"widget\" data-widget_type=\"text-editor.default\">\n<div class=\"elementor-widget-container\">\n<h3>What data do we process as a data controller?<\/h3>\n<h4>FILLING IN THE FORM<\/h4>\n<ul>\n<li>Name and surname<\/li>\n<li>Telephone number<\/li>\n<li>E-mail address<\/li>\n<\/ul>\n<h4> <\/h4>\n<h4>SUBSCRIPTION TO NEWSLETTERS<\/h4>\n<ul>\n<li>Name and surname<\/li>\n<li>E-mail address<\/li>\n<\/ul>\n<h4> <\/h4>\n<h4>INSERT COMMENTS\/EVALUATION<\/h4>\n<ul>\n<li>Name and surname<\/li>\n<li>E-mail address<\/li>\n<\/ul>\n<\/div>\n<\/div>\n<div class=\"elementor-element elementor-element-3019489 elementor-widget elementor-widget-text-editor\" data-id=\"3019489\" data-element_type=\"widget\" data-widget_type=\"text-editor.default\">\n<div class=\"elementor-widget-container\">\n<h3> <\/h3>\n<h3>When is it not necessary to give consent to the processing of personal data?<\/h3>\n<p>We may process personal data without your consent only for the following purposes:<\/p>\n<ul>\n<li><b><strong>Performance of a contract whose subject matter is the provision of a service or product<\/strong><\/b><\/li>\n<li><b><br \/>\n  <strong>Fulfilling legal obligations<\/strong><br \/>\n<\/b>that arise for us from generally binding legal regulations.<\/li>\n<li>Processing within <b><br \/>\n  <strong>legitimate interest<\/strong><br \/>\n<\/b> (e.g. for direct marketing, safety and security of life).<\/li>\n<\/ul>\n<\/div>\n<\/div>\n<div class=\"elementor-element elementor-element-4de4c55 elementor-widget elementor-widget-text-editor\" data-id=\"4de4c55\" data-element_type=\"widget\" data-widget_type=\"text-editor.default\">\n<div class=\"elementor-widget-container\">\n<h3> <\/h3>\n<h3>For what purpose do we manage personal data and for how long?<\/h3>\n<p>The data may be used for business and marketing purposes, i.e. to maintain a database of website users and to offer goods and services, for as long as the legal reason for this processing and use of personal and other data lasts. In other words, we collect your personal data to enable you to use our services and to keep you informed about new developments. Read more about how we manage individual data according to where they are filled in.<\/p>\n<p><b><br \/>\n  <strong>Filling in the form<\/strong><br \/>\n<\/b> &#8211; To process the personal data entered when filling in the consent form for the purpose of performing the contract, i.e. for the purpose of delivering the goods or providing the service. Furthermore, we may process this data for the purpose of fulfilling our statutory obligations (in particular registration obligations, archiving of tax documents, etc.) and for the purpose of protecting our legal claims.<\/p>\n<p><b><br \/>\n  <strong>News and special offers (newsletters) <\/strong><br \/>\n<\/b>&#8211; We manage personal data for the purpose of sending commercial communications, including offers of products and our services in the context of direct marketing. We may use your e-mail address without your express consent to send you commercial communications relating to our goods or services similar to those you have ordered from us. It is possible to unsubscribe from newsletters by using the &#8220;Unsubscribe&#8221; or similar link in the footer of each commercial communication. The company is the service provider for the management, storage of personal data and distribution of newsletters:<\/p>\n<ul>\n<li><b><br \/>\n  <strong>ECOMAIL.CZ<\/strong><br \/>\n<\/b>, s.r.o., ID: 027 62 943, with registered office at Na Mlejnku 764\/18, Bran\u00edk, 147 00 Prague 4, registered in the Commercial Register maintained by the Municipal Court in Prague, Section C, Insert 223183. More about data protection <a href=\"https:\/\/www.ecomail.cz\/ochrana-osobnich-udaju\" target=\"_blank\" rel=\"noopener\">HERE<\/a><\/li>\n<\/ul>\n<p>We manage the data for a maximum of 5 years or until the consent is withdrawn.<\/p>\n<p><b><br \/>\n  <strong>Adding a comment\/rating<\/strong><br \/>\n<\/b> &#8211; We manage personal data for the purpose of sending and identifying the author of the comment\/rating. These will be used exclusively for the technical provision of this service. We manage the data for a maximum of 10 years or until the consent is withdrawn.<\/p>\n<p><b><br \/>\n  <strong>Identification and address details<\/strong><br \/>\n<\/b> we may use in accordance with the so-called. legitimate interest for the production of internal statistics. We use the anonymised output from these statistics to improve our services, including analysing user behaviour and marketing.<\/p>\n<p><b><br \/>\n  <strong>Personal data collected through cookies<\/strong><br \/>\n<\/b> are processed on the basis of your consent (which you can give by confirming it on the web interface after you have been notified of the use of cookies and have had the opportunity to read this Policy). We are entitled to process the personal data collected via cookies even if you continue to use the web interface after you have been notified of the processing of this personal data. We use personal data collected through cookies for the purposes of providing user support, improving our services, including analysing user behaviour and marketing.<\/p>\n<p>All personal data provided for the above purposes are provided entirely voluntarily and the expression of consent is done by actively interacting (ticking) the box to consent to their processing or on the basis of a legitimate interest. You can revoke the processing of your data for this purpose at any time by e-mail.<\/p>\n<\/div>\n<\/div>\n<div class=\"elementor-element elementor-element-f5fd1d6 elementor-widget elementor-widget-text-editor\" data-id=\"f5fd1d6\" data-element_type=\"widget\" data-widget_type=\"text-editor.default\">\n<div class=\"elementor-widget-container\">\n<h3>What are my rights in relation to data protection?<\/h3>\n<ul>\n<li>Request information from us about which of your personal data we process.<\/li>\n<li>Request an explanation from us regarding the processing of personal data.<\/li>\n<li>Request access to this data and have it updated or corrected.<\/li>\n<li>Request us to delete this personal data.<\/li>\n<li>Request data transfer.<\/li>\n<li>The right to be informed of a personal data breach in certain cases.<\/li>\n<\/ul>\n<p><span style=\"text-align: var(--text-align); color: var( --e-global-color-text );\"> <\/span><\/p>\n<p><span style=\"text-align: var(--text-align); color: var( --e-global-color-text );\">You may at any time lodge a complaint regarding the processing of your personal data or the controller&#8217;s failure to comply with its obligations under the GDPR with a supervisory authority. The supervisory authority in the Czech Republic is the Office for Personal Data Protection, with its registered office at Pplk. Sochora 27, 170 00 Prague 7,  <\/span><a style=\"text-align: var(--text-align); background-color: #ffffff;\" href=\"http:\/\/www.uoou.cz\/\" target=\"_blank\" rel=\"noopener\">www.uoou.cz<\/a><span style=\"text-align: var(--text-align); color: var( --e-global-color-text );\">.<\/span><\/p>\n<\/div>\n<\/div>\n<div class=\"elementor-element elementor-element-ae64601 elementor-widget elementor-widget-text-editor\" data-id=\"ae64601\" data-element_type=\"widget\" data-widget_type=\"text-editor.default\">\n<div class=\"elementor-widget-container\">\n<h3>Updates to the Privacy Policy<\/h3>\n<p>We may modify or update the Privacy Policy from time to time. Any changes to this Privacy Policy will become effective when posted on this page<\/p>\n<p>These Terms and Conditions shall take effect on 01. 07. 2023.<\/p>\n<\/div>\n<\/div>\n\t\t\t\t\t\t\t\t<\/div>\n\t\t\t\t<\/div>\n\t\t\t\t\t<\/div>\n\t\t\t\t<\/div>\n\t\t\t\t<\/div>\n\t\t","protected":false},"excerpt":{"rendered":"<p>You consent to the processing of your personal data: Subject: Projekt Terra Chula a.s.Headquarters: Hlavn\u00ed 1069\/40, Kom\u00edn, 624 00 BrnoID: 05926165Subject: Akciov\u00e1 spole\u010dnostFile No: B 7703\/KSBR Regional Court in Brno to process personal data in accordance with the Data Protection Act and GDPR as a data controller in accordance with the terms below. When handling [&hellip;]<\/p>\n","protected":false},"author":1,"featured_media":0,"parent":0,"menu_order":0,"comment_status":"closed","ping_status":"closed","template":"","meta":{"_acf_changed":false,"footnotes":""},"class_list":["post-3153","page","type-page","status-publish","hentry"],"acf":[],"_links":{"self":[{"href":"https:\/\/www.terrachula.cz\/en\/wp-json\/wp\/v2\/pages\/3153","targetHints":{"allow":["GET"]}}],"collection":[{"href":"https:\/\/www.terrachula.cz\/en\/wp-json\/wp\/v2\/pages"}],"about":[{"href":"https:\/\/www.terrachula.cz\/en\/wp-json\/wp\/v2\/types\/page"}],"author":[{"embeddable":true,"href":"https:\/\/www.terrachula.cz\/en\/wp-json\/wp\/v2\/users\/1"}],"replies":[{"embeddable":true,"href":"https:\/\/www.terrachula.cz\/en\/wp-json\/wp\/v2\/comments?post=3153"}],"version-history":[{"count":0,"href":"https:\/\/www.terrachula.cz\/en\/wp-json\/wp\/v2\/pages\/3153\/revisions"}],"wp:attachment":[{"href":"https:\/\/www.terrachula.cz\/en\/wp-json\/wp\/v2\/media?parent=3153"}],"curies":[{"name":"wp","href":"https:\/\/api.w.org\/{rel}","templated":true}]}}